{"id":1045,"date":"2024-06-30T17:23:23","date_gmt":"2024-06-30T17:23:23","guid":{"rendered":"https:\/\/underland.com.co\/?post_type=product&#038;p=1045"},"modified":"2024-07-16T16:36:38","modified_gmt":"2024-07-16T16:36:38","slug":"fantastic","status":"publish","type":"product","link":"https:\/\/underland.com.co\/?product=fantastic","title":{"rendered":"FANTASTIC"},"content":{"rendered":"","protected":false},"excerpt":{"rendered":"<h6>Brilla con confianza en un mini vestido plateado. Esta temporada, los mini vestidos est\u00e1n en tendencia y este espectacular dise\u00f1o en hilo plateado es el perfecto ejemplo de c\u00f3mo combinar estilo y personalidad. El mini vestido no solo resalta la elegancia, sino que tambi\u00e9n celebra la individualidad de quien lo lleva. Con su brillo y corte audaz, es la elecci\u00f3n ideal para quienes buscan destacar con un toque de glamour y autenticidad.<\/h6>\n","protected":false},"featured_media":1048,"comment_status":"open","ping_status":"closed","template":"","meta":{"site-sidebar-layout":"default","site-content-layout":"","ast-site-content-layout":"default","site-content-style":"default","site-sidebar-style":"default","ast-global-header-display":"","ast-banner-title-visibility":"","ast-main-header-display":"","ast-hfb-above-header-display":"","ast-hfb-below-header-display":"","ast-hfb-mobile-header-display":"","site-post-title":"","ast-breadcrumbs-content":"","ast-featured-img":"","footer-sml-layout":"","theme-transparent-header-meta":"default","adv-header-id-meta":"","stick-header-meta":"","header-above-stick-meta":"","header-main-stick-meta":"","header-below-stick-meta":"","astra-migrate-meta-layouts":"set","ast-page-background-enabled":"default","ast-page-background-meta":{"desktop":{"background-color":"var(--ast-global-color-4)","background-image":"","background-repeat":"repeat","background-position":"center center","background-size":"auto","background-attachment":"scroll","background-type":"","background-media":"","overlay-type":"","overlay-color":"","overlay-opacity":"","overlay-gradient":""},"tablet":{"background-color":"","background-image":"","background-repeat":"repeat","background-position":"center center","background-size":"auto","background-attachment":"scroll","background-type":"","background-media":"","overlay-type":"","overlay-color":"","overlay-opacity":"","overlay-gradient":""},"mobile":{"background-color":"","background-image":"","background-repeat":"repeat","background-position":"center center","background-size":"auto","background-attachment":"scroll","background-type":"","background-media":"","overlay-type":"","overlay-color":"","overlay-opacity":"","overlay-gradient":""}},"ast-content-background-meta":{"desktop":{"background-color":"var(--ast-global-color-5)","background-image":"","background-repeat":"repeat","background-position":"center center","background-size":"auto","background-attachment":"scroll","background-type":"","background-media":"","overlay-type":"","overlay-color":"","overlay-opacity":"","overlay-gradient":""},"tablet":{"background-color":"var(--ast-global-color-5)","background-image":"","background-repeat":"repeat","background-position":"center center","background-size":"auto","background-attachment":"scroll","background-type":"","background-media":"","overlay-type":"","overlay-color":"","overlay-opacity":"","overlay-gradient":""},"mobile":{"background-color":"var(--ast-global-color-5)","background-image":"","background-repeat":"repeat","background-position":"center center","background-size":"auto","background-attachment":"scroll","background-type":"","background-media":"","overlay-type":"","overlay-color":"","overlay-opacity":"","overlay-gradient":""}},"_joinchat":[]},"product_brand":[],"product_cat":[29],"product_tag":[],"class_list":{"0":"post-1045","1":"product","2":"type-product","3":"status-publish","4":"has-post-thumbnail","6":"product_cat-vestidos","7":"desktop-align-left","8":"tablet-align-left","9":"mobile-align-left","11":"first","12":"instock","13":"shipping-taxable","14":"purchasable","15":"product-type-variable"},"yoast_head":"<!-- This site is optimized with the Yoast SEO Premium plugin v20.4 (Yoast SEO v24.5) - https:\/\/yoast.com\/wordpress\/plugins\/seo\/ -->\n<title>FANTASTIC - Underland<\/title>\n<meta name=\"robots\" content=\"index, follow, max-snippet:-1, max-image-preview:large, max-video-preview:-1\" \/>\n<link rel=\"canonical\" href=\"https:\/\/underland.com.co\/?product=fantastic\" \/>\n<meta property=\"og:locale\" content=\"es_ES\" \/>\n<meta property=\"og:type\" content=\"article\" \/>\n<meta property=\"og:title\" content=\"FANTASTIC\" \/>\n<meta property=\"og:description\" content=\"Brilla con confianza en un mini vestido plateado. Esta temporada, los mini vestidos est\u00e1n en tendencia y este espectacular dise\u00f1o en hilo plateado es el perfecto ejemplo de c\u00f3mo combinar estilo y personalidad. El mini vestido no solo resalta la elegancia, sino que tambi\u00e9n celebra la individualidad de quien lo lleva. Con su brillo y corte audaz, es la elecci\u00f3n ideal para quienes buscan destacar con un toque de glamour y autenticidad.\" \/>\n<meta property=\"og:url\" content=\"https:\/\/underland.com.co\/?product=fantastic\" \/>\n<meta property=\"og:site_name\" content=\"Underland\" \/>\n<meta property=\"article:modified_time\" content=\"2024-07-16T16:36:38+00:00\" \/>\n<meta property=\"og:image\" content=\"https:\/\/underland.com.co\/wp-content\/uploads\/2024\/06\/WhatsApp-Image-2024-06-30-at-12.18.22-PM.jpeg\" \/>\n\t<meta property=\"og:image:width\" content=\"779\" \/>\n\t<meta property=\"og:image:height\" content=\"1118\" \/>\n\t<meta property=\"og:image:type\" content=\"image\/jpeg\" \/>\n<meta name=\"twitter:card\" content=\"summary_large_image\" \/>\n<meta name=\"twitter:label1\" content=\"Tiempo de lectura\" \/>\n\t<meta name=\"twitter:data1\" content=\"1 minuto\" \/>\n<script type=\"application\/ld+json\" class=\"yoast-schema-graph\">{\"@context\":\"https:\/\/schema.org\",\"@graph\":[{\"@type\":\"WebPage\",\"@id\":\"https:\/\/underland.com.co\/?product=fantastic\",\"url\":\"https:\/\/underland.com.co\/?product=fantastic\",\"name\":\"FANTASTIC - Underland\",\"isPartOf\":{\"@id\":\"https:\/\/underland.com.co\/#website\"},\"primaryImageOfPage\":{\"@id\":\"https:\/\/underland.com.co\/?product=fantastic#primaryimage\"},\"image\":{\"@id\":\"https:\/\/underland.com.co\/?product=fantastic#primaryimage\"},\"thumbnailUrl\":\"https:\/\/underland.com.co\/wp-content\/uploads\/2024\/06\/WhatsApp-Image-2024-06-30-at-12.18.22-PM.jpeg\",\"datePublished\":\"2024-06-30T17:23:23+00:00\",\"dateModified\":\"2024-07-16T16:36:38+00:00\",\"breadcrumb\":{\"@id\":\"https:\/\/underland.com.co\/?product=fantastic#breadcrumb\"},\"inLanguage\":\"es\",\"potentialAction\":[{\"@type\":\"ReadAction\",\"target\":[\"https:\/\/underland.com.co\/?product=fantastic\"]}]},{\"@type\":\"ImageObject\",\"inLanguage\":\"es\",\"@id\":\"https:\/\/underland.com.co\/?product=fantastic#primaryimage\",\"url\":\"https:\/\/underland.com.co\/wp-content\/uploads\/2024\/06\/WhatsApp-Image-2024-06-30-at-12.18.22-PM.jpeg\",\"contentUrl\":\"https:\/\/underland.com.co\/wp-content\/uploads\/2024\/06\/WhatsApp-Image-2024-06-30-at-12.18.22-PM.jpeg\",\"width\":779,\"height\":1118},{\"@type\":\"BreadcrumbList\",\"@id\":\"https:\/\/underland.com.co\/?product=fantastic#breadcrumb\",\"itemListElement\":[{\"@type\":\"ListItem\",\"position\":1,\"name\":\"Home\",\"item\":\"https:\/\/underland.com.co\/\"},{\"@type\":\"ListItem\",\"position\":2,\"name\":\"Shop\",\"item\":\"https:\/\/underland.com.co\/\"},{\"@type\":\"ListItem\",\"position\":3,\"name\":\"FANTASTIC\"}]},{\"@type\":\"WebSite\",\"@id\":\"https:\/\/underland.com.co\/#website\",\"url\":\"https:\/\/underland.com.co\/\",\"name\":\"Underland\",\"description\":\"\",\"publisher\":{\"@id\":\"https:\/\/underland.com.co\/#organization\"},\"potentialAction\":[{\"@type\":\"SearchAction\",\"target\":{\"@type\":\"EntryPoint\",\"urlTemplate\":\"https:\/\/underland.com.co\/?s={search_term_string}\"},\"query-input\":{\"@type\":\"PropertyValueSpecification\",\"valueRequired\":true,\"valueName\":\"search_term_string\"}}],\"inLanguage\":\"es\"},{\"@type\":\"Organization\",\"@id\":\"https:\/\/underland.com.co\/#organization\",\"name\":\"Underland\",\"url\":\"https:\/\/underland.com.co\/\",\"logo\":{\"@type\":\"ImageObject\",\"inLanguage\":\"es\",\"@id\":\"https:\/\/underland.com.co\/#\/schema\/logo\/image\/\",\"url\":\"https:\/\/underland.com.co\/wp-content\/uploads\/2024\/03\/cropped-cropped-IMG_0058.png\",\"contentUrl\":\"https:\/\/underland.com.co\/wp-content\/uploads\/2024\/03\/cropped-cropped-IMG_0058.png\",\"width\":512,\"height\":512,\"caption\":\"Underland\"},\"image\":{\"@id\":\"https:\/\/underland.com.co\/#\/schema\/logo\/image\/\"}}]}<\/script>\n<!-- \/ Yoast SEO Premium plugin. -->","yoast_head_json":{"title":"FANTASTIC - Underland","robots":{"index":"index","follow":"follow","max-snippet":"max-snippet:-1","max-image-preview":"max-image-preview:large","max-video-preview":"max-video-preview:-1"},"canonical":"https:\/\/underland.com.co\/?product=fantastic","og_locale":"es_ES","og_type":"article","og_title":"FANTASTIC","og_description":"Brilla con confianza en un mini vestido plateado. Esta temporada, los mini vestidos est\u00e1n en tendencia y este espectacular dise\u00f1o en hilo plateado es el perfecto ejemplo de c\u00f3mo combinar estilo y personalidad. El mini vestido no solo resalta la elegancia, sino que tambi\u00e9n celebra la individualidad de quien lo lleva. Con su brillo y corte audaz, es la elecci\u00f3n ideal para quienes buscan destacar con un toque de glamour y autenticidad.","og_url":"https:\/\/underland.com.co\/?product=fantastic","og_site_name":"Underland","article_modified_time":"2024-07-16T16:36:38+00:00","og_image":[{"width":779,"height":1118,"url":"https:\/\/underland.com.co\/wp-content\/uploads\/2024\/06\/WhatsApp-Image-2024-06-30-at-12.18.22-PM.jpeg","type":"image\/jpeg"}],"twitter_card":"summary_large_image","twitter_misc":{"Tiempo de lectura":"1 minuto"},"schema":{"@context":"https:\/\/schema.org","@graph":[{"@type":"WebPage","@id":"https:\/\/underland.com.co\/?product=fantastic","url":"https:\/\/underland.com.co\/?product=fantastic","name":"FANTASTIC - Underland","isPartOf":{"@id":"https:\/\/underland.com.co\/#website"},"primaryImageOfPage":{"@id":"https:\/\/underland.com.co\/?product=fantastic#primaryimage"},"image":{"@id":"https:\/\/underland.com.co\/?product=fantastic#primaryimage"},"thumbnailUrl":"https:\/\/underland.com.co\/wp-content\/uploads\/2024\/06\/WhatsApp-Image-2024-06-30-at-12.18.22-PM.jpeg","datePublished":"2024-06-30T17:23:23+00:00","dateModified":"2024-07-16T16:36:38+00:00","breadcrumb":{"@id":"https:\/\/underland.com.co\/?product=fantastic#breadcrumb"},"inLanguage":"es","potentialAction":[{"@type":"ReadAction","target":["https:\/\/underland.com.co\/?product=fantastic"]}]},{"@type":"ImageObject","inLanguage":"es","@id":"https:\/\/underland.com.co\/?product=fantastic#primaryimage","url":"https:\/\/underland.com.co\/wp-content\/uploads\/2024\/06\/WhatsApp-Image-2024-06-30-at-12.18.22-PM.jpeg","contentUrl":"https:\/\/underland.com.co\/wp-content\/uploads\/2024\/06\/WhatsApp-Image-2024-06-30-at-12.18.22-PM.jpeg","width":779,"height":1118},{"@type":"BreadcrumbList","@id":"https:\/\/underland.com.co\/?product=fantastic#breadcrumb","itemListElement":[{"@type":"ListItem","position":1,"name":"Home","item":"https:\/\/underland.com.co\/"},{"@type":"ListItem","position":2,"name":"Shop","item":"https:\/\/underland.com.co\/"},{"@type":"ListItem","position":3,"name":"FANTASTIC"}]},{"@type":"WebSite","@id":"https:\/\/underland.com.co\/#website","url":"https:\/\/underland.com.co\/","name":"Underland","description":"","publisher":{"@id":"https:\/\/underland.com.co\/#organization"},"potentialAction":[{"@type":"SearchAction","target":{"@type":"EntryPoint","urlTemplate":"https:\/\/underland.com.co\/?s={search_term_string}"},"query-input":{"@type":"PropertyValueSpecification","valueRequired":true,"valueName":"search_term_string"}}],"inLanguage":"es"},{"@type":"Organization","@id":"https:\/\/underland.com.co\/#organization","name":"Underland","url":"https:\/\/underland.com.co\/","logo":{"@type":"ImageObject","inLanguage":"es","@id":"https:\/\/underland.com.co\/#\/schema\/logo\/image\/","url":"https:\/\/underland.com.co\/wp-content\/uploads\/2024\/03\/cropped-cropped-IMG_0058.png","contentUrl":"https:\/\/underland.com.co\/wp-content\/uploads\/2024\/03\/cropped-cropped-IMG_0058.png","width":512,"height":512,"caption":"Underland"},"image":{"@id":"https:\/\/underland.com.co\/#\/schema\/logo\/image\/"}}]}},"_links":{"self":[{"href":"https:\/\/underland.com.co\/index.php?rest_route=\/wp\/v2\/product\/1045","targetHints":{"allow":["GET"]}}],"collection":[{"href":"https:\/\/underland.com.co\/index.php?rest_route=\/wp\/v2\/product"}],"about":[{"href":"https:\/\/underland.com.co\/index.php?rest_route=\/wp\/v2\/types\/product"}],"replies":[{"embeddable":true,"href":"https:\/\/underland.com.co\/index.php?rest_route=%2Fwp%2Fv2%2Fcomments&post=1045"}],"wp:featuredmedia":[{"embeddable":true,"href":"https:\/\/underland.com.co\/index.php?rest_route=\/wp\/v2\/media\/1048"}],"wp:attachment":[{"href":"https:\/\/underland.com.co\/index.php?rest_route=%2Fwp%2Fv2%2Fmedia&parent=1045"}],"wp:term":[{"taxonomy":"product_brand","embeddable":true,"href":"https:\/\/underland.com.co\/index.php?rest_route=%2Fwp%2Fv2%2Fproduct_brand&post=1045"},{"taxonomy":"product_cat","embeddable":true,"href":"https:\/\/underland.com.co\/index.php?rest_route=%2Fwp%2Fv2%2Fproduct_cat&post=1045"},{"taxonomy":"product_tag","embeddable":true,"href":"https:\/\/underland.com.co\/index.php?rest_route=%2Fwp%2Fv2%2Fproduct_tag&post=1045"}],"curies":[{"name":"wp","href":"https:\/\/api.w.org\/{rel}","templated":true}]}}